{"id":444,"date":"2019-11-01T10:05:58","date_gmt":"2019-11-01T09:05:58","guid":{"rendered":"http:\/\/demo.athemes.com\/sydney-redesign\/?page_id=444"},"modified":"2023-08-30T17:40:49","modified_gmt":"2023-08-30T15:40:49","slug":"contact","status":"publish","type":"page","link":"https:\/\/mesangescapital.be\/index.php\/contact\/","title":{"rendered":"Contact et demande d&#8217;expertise"},"content":{"rendered":"\t\t<div data-elementor-type=\"wp-page\" data-elementor-id=\"444\" class=\"elementor elementor-444\">\n\t\t\t\t\t\t\t\t\t<section class=\"elementor-section elementor-top-section elementor-element elementor-element-584c94ac elementor-section-boxed elementor-section-height-default elementor-section-height-default\" data-id=\"584c94ac\" data-element_type=\"section\">\n\t\t\t\t\t\t<div class=\"elementor-container elementor-column-gap-default\">\n\t\t\t\t\t<div class=\"elementor-column elementor-col-100 elementor-top-column elementor-element elementor-element-7cc08d7e\" data-id=\"7cc08d7e\" data-element_type=\"column\">\n\t\t\t<div class=\"elementor-widget-wrap elementor-element-populated\">\n\t\t\t\t\t\t\t\t<div class=\"elementor-element elementor-element-40e004f9 elementor-widget elementor-widget-heading\" data-id=\"40e004f9\" data-element_type=\"widget\" data-widget_type=\"heading.default\">\n\t\t\t\t<div class=\"elementor-widget-container\">\n\t\t\t<p class=\"elementor-heading-title elementor-size-default\">Demande d'expertise<\/p>\t\t<\/div>\n\t\t\t\t<\/div>\n\t\t\t\t\t<\/div>\n\t\t<\/div>\n\t\t\t\t\t\t\t<\/div>\n\t\t<\/section>\n\t\t\t\t<section class=\"elementor-section elementor-top-section elementor-element elementor-element-e3daf67 elementor-section-boxed elementor-section-height-default elementor-section-height-default\" data-id=\"e3daf67\" data-element_type=\"section\">\n\t\t\t\t\t\t<div class=\"elementor-container elementor-column-gap-default\">\n\t\t\t\t\t<div class=\"elementor-column elementor-col-33 elementor-top-column elementor-element elementor-element-0de3771\" data-id=\"0de3771\" data-element_type=\"column\">\n\t\t\t<div class=\"elementor-widget-wrap elementor-element-populated\">\n\t\t\t\t\t\t\t\t<div class=\"elementor-element elementor-element-7a4905d elementor-widget elementor-widget-heading\" data-id=\"7a4905d\" data-element_type=\"widget\" data-widget_type=\"heading.default\">\n\t\t\t\t<div class=\"elementor-widget-container\">\n\t\t\t<p class=\"elementor-heading-title elementor-size-default\">Bureaux<\/p>\t\t<\/div>\n\t\t\t\t<\/div>\n\t\t\t\t<div class=\"elementor-element elementor-element-702fc46 elementor-position-left contact_iconed_list elementor-vertical-align-middle elementor-view-default elementor-mobile-position-top elementor-widget elementor-widget-icon-box\" data-id=\"702fc46\" data-element_type=\"widget\" data-widget_type=\"icon-box.default\">\n\t\t\t\t<div class=\"elementor-widget-container\">\n\t\t\t\t\t<div class=\"elementor-icon-box-wrapper\">\n\t\t\t\t\t\t<div class=\"elementor-icon-box-icon\">\n\t\t\t\t<span class=\"elementor-icon elementor-animation-\" >\n\t\t\t\t<i aria-hidden=\"true\" class=\"fas fa-location-arrow\"><\/i>\t\t\t\t<\/span>\n\t\t\t<\/div>\n\t\t\t\t\t\t<div class=\"elementor-icon-box-content\">\n\t\t\t\t<span class=\"elementor-icon-box-title\">\n\t\t\t\t\t<span  >\n\t\t\t\t\t\tRue du monast\u00e8re 38 - 1330 Rixensart\t\t\t\t\t<\/span>\n\t\t\t\t<\/span>\n\t\t\t\t\t\t\t<\/div>\n\t\t<\/div>\n\t\t\t\t<\/div>\n\t\t\t\t<\/div>\n\t\t\t\t\t<\/div>\n\t\t<\/div>\n\t\t\t\t<div class=\"elementor-column elementor-col-33 elementor-top-column elementor-element elementor-element-611a6b1\" data-id=\"611a6b1\" data-element_type=\"column\">\n\t\t\t<div class=\"elementor-widget-wrap elementor-element-populated\">\n\t\t\t\t\t\t\t\t<div class=\"elementor-element elementor-element-c20b8ed elementor-widget elementor-widget-heading\" data-id=\"c20b8ed\" data-element_type=\"widget\" data-widget_type=\"heading.default\">\n\t\t\t\t<div class=\"elementor-widget-container\">\n\t\t\t<p class=\"elementor-heading-title elementor-size-default\">T\u00e9l\u00e9phone<\/p>\t\t<\/div>\n\t\t\t\t<\/div>\n\t\t\t\t<div class=\"elementor-element elementor-element-a8b2f4a elementor-position-left contact_iconed_list elementor-vertical-align-middle elementor-view-default elementor-mobile-position-top elementor-widget elementor-widget-icon-box\" data-id=\"a8b2f4a\" data-element_type=\"widget\" data-widget_type=\"icon-box.default\">\n\t\t\t\t<div class=\"elementor-widget-container\">\n\t\t\t\t\t<div class=\"elementor-icon-box-wrapper\">\n\t\t\t\t\t\t<div class=\"elementor-icon-box-icon\">\n\t\t\t\t<span class=\"elementor-icon elementor-animation-\" >\n\t\t\t\t<i aria-hidden=\"true\" class=\"fas fa-phone-alt\"><\/i>\t\t\t\t<\/span>\n\t\t\t<\/div>\n\t\t\t\t\t\t<div class=\"elementor-icon-box-content\">\n\t\t\t\t<span class=\"elementor-icon-box-title\">\n\t\t\t\t\t<span  >\n\t\t\t\t\t\t+32 475 30 74 91 \t\t\t\t\t<\/span>\n\t\t\t\t<\/span>\n\t\t\t\t\t\t\t<\/div>\n\t\t<\/div>\n\t\t\t\t<\/div>\n\t\t\t\t<\/div>\n\t\t\t\t\t<\/div>\n\t\t<\/div>\n\t\t\t\t<div class=\"elementor-column elementor-col-33 elementor-top-column elementor-element elementor-element-c4edfb3\" data-id=\"c4edfb3\" data-element_type=\"column\">\n\t\t\t<div class=\"elementor-widget-wrap elementor-element-populated\">\n\t\t\t\t\t\t\t\t<div class=\"elementor-element elementor-element-fce0b92 elementor-widget elementor-widget-heading\" data-id=\"fce0b92\" data-element_type=\"widget\" data-widget_type=\"heading.default\">\n\t\t\t\t<div class=\"elementor-widget-container\">\n\t\t\t<p class=\"elementor-heading-title elementor-size-default\">Heures d'ouverture<\/p>\t\t<\/div>\n\t\t\t\t<\/div>\n\t\t\t\t<div class=\"elementor-element elementor-element-1a7a44a elementor-position-left contact_iconed_list elementor-vertical-align-middle elementor-view-default elementor-mobile-position-top elementor-widget elementor-widget-icon-box\" data-id=\"1a7a44a\" data-element_type=\"widget\" data-widget_type=\"icon-box.default\">\n\t\t\t\t<div class=\"elementor-widget-container\">\n\t\t\t\t\t<div class=\"elementor-icon-box-wrapper\">\n\t\t\t\t\t\t<div class=\"elementor-icon-box-icon\">\n\t\t\t\t<span class=\"elementor-icon elementor-animation-\" >\n\t\t\t\t<i aria-hidden=\"true\" class=\"far fa-clock\"><\/i>\t\t\t\t<\/span>\n\t\t\t<\/div>\n\t\t\t\t\t\t<div class=\"elementor-icon-box-content\">\n\t\t\t\t<span class=\"elementor-icon-box-title\">\n\t\t\t\t\t<span  >\n\t\t\t\t\t\tLu - Ve:  9:00 - 18:00\t\t\t\t\t<\/span>\n\t\t\t\t<\/span>\n\t\t\t\t\t\t\t<\/div>\n\t\t<\/div>\n\t\t\t\t<\/div>\n\t\t\t\t<\/div>\n\t\t\t\t\t<\/div>\n\t\t<\/div>\n\t\t\t\t\t\t\t<\/div>\n\t\t<\/section>\n\t\t\t\t<section class=\"elementor-section elementor-top-section elementor-element elementor-element-a757698 elementor-section-boxed elementor-section-height-default elementor-section-height-default\" data-id=\"a757698\" data-element_type=\"section\">\n\t\t\t\t\t\t<div class=\"elementor-container elementor-column-gap-default\">\n\t\t\t\t\t<div class=\"elementor-column elementor-col-100 elementor-top-column elementor-element elementor-element-6c99ee4\" data-id=\"6c99ee4\" data-element_type=\"column\">\n\t\t\t<div class=\"elementor-widget-wrap elementor-element-populated\">\n\t\t\t\t\t\t\t\t<div class=\"elementor-element elementor-element-75e35e3 elementor-widget elementor-widget-text-editor\" data-id=\"75e35e3\" data-element_type=\"widget\" data-widget_type=\"text-editor.default\">\n\t\t\t\t<div class=\"elementor-widget-container\">\n\t\t\t\t\t\t\t<div class=\"wpforms-container wpforms-container-full\" id=\"wpforms-4319\"><form id=\"wpforms-form-4319\" class=\"wpforms-validate wpforms-form\" data-formid=\"4319\" method=\"post\" enctype=\"multipart\/form-data\" action=\"\/index.php\/wp-json\/wp\/v2\/pages\/444\" data-token=\"9ebd2bc1d3267e7b96d3608ca0444da4\"><noscript class=\"wpforms-error-noscript\">Please enable JavaScript in your browser to complete this form.<\/noscript><div class=\"wpforms-field-container\"><div id=\"wpforms-4319-field_0-container\" class=\"wpforms-field wpforms-field-name wpforms-one-half wpforms-first\" data-field-id=\"0\"><label class=\"wpforms-field-label wpforms-label-hide\" for=\"wpforms-4319-field_0\">Votre nom <span class=\"wpforms-required-label\">*<\/span><\/label><input type=\"text\" id=\"wpforms-4319-field_0\" class=\"wpforms-field-large wpforms-field-required\" name=\"wpforms[fields][0]\" placeholder=\"Votre Nom\" required><\/div><div id=\"wpforms-4319-field_3-container\" class=\"wpforms-field wpforms-field-email wpforms-one-half\" data-field-id=\"3\"><label class=\"wpforms-field-label wpforms-label-hide\" for=\"wpforms-4319-field_3\">Email <span class=\"wpforms-required-label\">*<\/span><\/label><input type=\"email\" id=\"wpforms-4319-field_3\" class=\"wpforms-field-large wpforms-field-required\" name=\"wpforms[fields][3]\" placeholder=\"Votre Email\" spellcheck=\"false\" required><\/div><div id=\"wpforms-4319-field_5-container\" class=\"wpforms-field wpforms-field-select\" data-field-id=\"5\"><label class=\"wpforms-field-label\" for=\"wpforms-4319-field_5\">Type d&#039;expertise<\/label><select id=\"wpforms-4319-field_5\" class=\"wpforms-field-medium\" name=\"wpforms[fields][5]\"><option value=\"Expertises immobili\u00e8res Succession\" >Expertises immobili\u00e8res Succession<\/option><option value=\"Expertises immobili\u00e8res Achat\" >Expertises immobili\u00e8res Achat<\/option><option value=\"Expertises immobili\u00e8res Vente\" >Expertises immobili\u00e8res Vente<\/option><option value=\"Expertises immobili\u00e8res Donation\" >Expertises immobili\u00e8res Donation<\/option><option value=\"Accompagnement r\u00e9ceptions provisoires\" >Accompagnement r\u00e9ceptions provisoires<\/option><option value=\"Etat des lieux (entr\u00e9e et sortie)\" >Etat des lieux (entr\u00e9e et sortie)<\/option><option value=\"PEB\" >PEB<\/option><option value=\"Estimation de valeur\" >Estimation de valeur<\/option><\/select><\/div><div id=\"wpforms-4319-field_6-container\" class=\"wpforms-field wpforms-field-select\" data-field-id=\"6\"><label class=\"wpforms-field-label\" for=\"wpforms-4319-field_6\">Type des biens<\/label><select id=\"wpforms-4319-field_6\" class=\"wpforms-field-medium\" name=\"wpforms[fields][6]\"><option value=\"Studio\" >Studio<\/option><option value=\"Appartement\" >Appartement<\/option><option value=\"Maison\" >Maison<\/option><option value=\"Grande maison\" >Grande maison<\/option><\/select><\/div><div id=\"wpforms-4319-field_4-container\" class=\"wpforms-field wpforms-field-text\" data-field-id=\"4\"><label class=\"wpforms-field-label wpforms-label-hide\" for=\"wpforms-4319-field_4\">Commune de l&#039;expertise<\/label><input type=\"text\" id=\"wpforms-4319-field_4\" class=\"wpforms-field-large\" name=\"wpforms[fields][4]\" placeholder=\"Commune de l&#039;expertise\" ><\/div><div id=\"wpforms-4319-field_2-container\" class=\"wpforms-field wpforms-field-textarea\" data-field-id=\"2\"><label class=\"wpforms-field-label wpforms-label-hide\" for=\"wpforms-4319-field_2\">Message <span class=\"wpforms-required-label\">*<\/span><\/label><textarea id=\"wpforms-4319-field_2\" class=\"wpforms-field-medium wpforms-field-required\" name=\"wpforms[fields][2]\" placeholder=\"Votre Message\" required><\/textarea><\/div><\/div><!-- .wpforms-field-container --><div class=\"wpforms-submit-container\" ><input type=\"hidden\" name=\"wpforms[id]\" value=\"4319\"><input type=\"hidden\" name=\"wpforms[author]\" value=\"1\"><button type=\"submit\" name=\"wpforms[submit]\" id=\"wpforms-submit-4319\" class=\"wpforms-submit\" data-alt-text=\"Envoi...\" data-submit-text=\"Envoyer la demande d&#039;expertise\" aria-live=\"assertive\" value=\"wpforms-submit\">Envoyer la demande d&#039;expertise<\/button><\/div><\/form><\/div>  <!-- .wpforms-container -->\t\t\t\t\t\t<\/div>\n\t\t\t\t<\/div>\n\t\t\t\t\t<\/div>\n\t\t<\/div>\n\t\t\t\t\t\t\t<\/div>\n\t\t<\/section>\n\t\t\t\t\t\t\t<\/div>\n\t\t","protected":false},"excerpt":{"rendered":"<p>Demande d&#8217;expertise Bureaux Rue du monast\u00e8re 38 &#8211; 1330 Rixensart T\u00e9l\u00e9phone +32 475 30 74 91 Heures d&#8217;ouverture Lu &#8211; Ve: 9:00 &#8211; 18:00<\/p>\n","protected":false},"author":1,"featured_media":0,"parent":0,"menu_order":0,"comment_status":"closed","ping_status":"closed","template":"page-templates\/page_front-page.php","meta":{"_mi_skip_tracking":false,"_monsterinsights_sitenote_active":false,"_monsterinsights_sitenote_note":"","_monsterinsights_sitenote_category":0,"footnotes":""},"yoast_head":"<!-- This site is optimized with the Yoast SEO plugin v21.0 - https:\/\/yoast.com\/wordpress\/plugins\/seo\/ -->\n<title>Contact et demande d&#039;expertise - M\u00e9sanges capital<\/title>\n<meta name=\"description\" content=\"Contactez-nous pour obtenir une expertise immobili\u00e8re sur la r\u00e9gion de Bruxelles. Nos experts sont form\u00e9s pour \u00eatre objectifs dans les rapports rendus.\" \/>\n<meta name=\"robots\" content=\"index, follow, max-snippet:-1, max-image-preview:large, max-video-preview:-1\" \/>\n<link rel=\"canonical\" href=\"https:\/\/mesangescapital.be\/index.php\/contact\/\" \/>\n<meta property=\"og:locale\" content=\"en_US\" \/>\n<meta property=\"og:type\" content=\"article\" \/>\n<meta property=\"og:title\" content=\"Contact et demande d&#039;expertise - M\u00e9sanges capital\" \/>\n<meta property=\"og:description\" content=\"Contactez-nous pour obtenir une expertise immobili\u00e8re sur la r\u00e9gion de Bruxelles. Nos experts sont form\u00e9s pour \u00eatre objectifs dans les rapports rendus.\" \/>\n<meta property=\"og:url\" content=\"https:\/\/mesangescapital.be\/index.php\/contact\/\" \/>\n<meta property=\"og:site_name\" content=\"M\u00e9sanges capital\" \/>\n<meta property=\"article:modified_time\" content=\"2023-08-30T15:40:49+00:00\" \/>\n<meta name=\"twitter:card\" content=\"summary_large_image\" \/>\n<meta name=\"twitter:label1\" content=\"Est. reading time\" \/>\n\t<meta name=\"twitter:data1\" content=\"1 minute\" \/>\n<script type=\"application\/ld+json\" class=\"yoast-schema-graph\">{\"@context\":\"https:\/\/schema.org\",\"@graph\":[{\"@type\":\"WebPage\",\"@id\":\"https:\/\/mesangescapital.be\/index.php\/contact\/\",\"url\":\"https:\/\/mesangescapital.be\/index.php\/contact\/\",\"name\":\"Contact et demande d'expertise - M\u00e9sanges capital\",\"isPartOf\":{\"@id\":\"https:\/\/mesangescapital.be\/#website\"},\"datePublished\":\"2019-11-01T09:05:58+00:00\",\"dateModified\":\"2023-08-30T15:40:49+00:00\",\"description\":\"Contactez-nous pour obtenir une expertise immobili\u00e8re sur la r\u00e9gion de Bruxelles. Nos experts sont form\u00e9s pour \u00eatre objectifs dans les rapports rendus.\",\"breadcrumb\":{\"@id\":\"https:\/\/mesangescapital.be\/index.php\/contact\/#breadcrumb\"},\"inLanguage\":\"en-US\",\"potentialAction\":[{\"@type\":\"ReadAction\",\"target\":[\"https:\/\/mesangescapital.be\/index.php\/contact\/\"]}]},{\"@type\":\"BreadcrumbList\",\"@id\":\"https:\/\/mesangescapital.be\/index.php\/contact\/#breadcrumb\",\"itemListElement\":[{\"@type\":\"ListItem\",\"position\":1,\"name\":\"Accueil\",\"item\":\"https:\/\/mesangescapital.be\/\"},{\"@type\":\"ListItem\",\"position\":2,\"name\":\"Contact et demande d&#8217;expertise\"}]},{\"@type\":\"WebSite\",\"@id\":\"https:\/\/mesangescapital.be\/#website\",\"url\":\"https:\/\/mesangescapital.be\/\",\"name\":\"M\u00e9sanges capital\",\"description\":\"\",\"potentialAction\":[{\"@type\":\"SearchAction\",\"target\":{\"@type\":\"EntryPoint\",\"urlTemplate\":\"https:\/\/mesangescapital.be\/?s={search_term_string}\"},\"query-input\":\"required name=search_term_string\"}],\"inLanguage\":\"en-US\"}]}<\/script>\n<!-- \/ Yoast SEO plugin. -->","yoast_head_json":{"title":"Contact et demande d'expertise - M\u00e9sanges capital","description":"Contactez-nous pour obtenir une expertise immobili\u00e8re sur la r\u00e9gion de Bruxelles. Nos experts sont form\u00e9s pour \u00eatre objectifs dans les rapports rendus.","robots":{"index":"index","follow":"follow","max-snippet":"max-snippet:-1","max-image-preview":"max-image-preview:large","max-video-preview":"max-video-preview:-1"},"canonical":"https:\/\/mesangescapital.be\/index.php\/contact\/","og_locale":"en_US","og_type":"article","og_title":"Contact et demande d'expertise - M\u00e9sanges capital","og_description":"Contactez-nous pour obtenir une expertise immobili\u00e8re sur la r\u00e9gion de Bruxelles. Nos experts sont form\u00e9s pour \u00eatre objectifs dans les rapports rendus.","og_url":"https:\/\/mesangescapital.be\/index.php\/contact\/","og_site_name":"M\u00e9sanges capital","article_modified_time":"2023-08-30T15:40:49+00:00","twitter_card":"summary_large_image","twitter_misc":{"Est. reading time":"1 minute"},"schema":{"@context":"https:\/\/schema.org","@graph":[{"@type":"WebPage","@id":"https:\/\/mesangescapital.be\/index.php\/contact\/","url":"https:\/\/mesangescapital.be\/index.php\/contact\/","name":"Contact et demande d'expertise - M\u00e9sanges capital","isPartOf":{"@id":"https:\/\/mesangescapital.be\/#website"},"datePublished":"2019-11-01T09:05:58+00:00","dateModified":"2023-08-30T15:40:49+00:00","description":"Contactez-nous pour obtenir une expertise immobili\u00e8re sur la r\u00e9gion de Bruxelles. Nos experts sont form\u00e9s pour \u00eatre objectifs dans les rapports rendus.","breadcrumb":{"@id":"https:\/\/mesangescapital.be\/index.php\/contact\/#breadcrumb"},"inLanguage":"en-US","potentialAction":[{"@type":"ReadAction","target":["https:\/\/mesangescapital.be\/index.php\/contact\/"]}]},{"@type":"BreadcrumbList","@id":"https:\/\/mesangescapital.be\/index.php\/contact\/#breadcrumb","itemListElement":[{"@type":"ListItem","position":1,"name":"Accueil","item":"https:\/\/mesangescapital.be\/"},{"@type":"ListItem","position":2,"name":"Contact et demande d&#8217;expertise"}]},{"@type":"WebSite","@id":"https:\/\/mesangescapital.be\/#website","url":"https:\/\/mesangescapital.be\/","name":"M\u00e9sanges capital","description":"","potentialAction":[{"@type":"SearchAction","target":{"@type":"EntryPoint","urlTemplate":"https:\/\/mesangescapital.be\/?s={search_term_string}"},"query-input":"required name=search_term_string"}],"inLanguage":"en-US"}]}},"_links":{"self":[{"href":"https:\/\/mesangescapital.be\/index.php\/wp-json\/wp\/v2\/pages\/444"}],"collection":[{"href":"https:\/\/mesangescapital.be\/index.php\/wp-json\/wp\/v2\/pages"}],"about":[{"href":"https:\/\/mesangescapital.be\/index.php\/wp-json\/wp\/v2\/types\/page"}],"author":[{"embeddable":true,"href":"https:\/\/mesangescapital.be\/index.php\/wp-json\/wp\/v2\/users\/1"}],"replies":[{"embeddable":true,"href":"https:\/\/mesangescapital.be\/index.php\/wp-json\/wp\/v2\/comments?post=444"}],"version-history":[{"count":15,"href":"https:\/\/mesangescapital.be\/index.php\/wp-json\/wp\/v2\/pages\/444\/revisions"}],"predecessor-version":[{"id":4607,"href":"https:\/\/mesangescapital.be\/index.php\/wp-json\/wp\/v2\/pages\/444\/revisions\/4607"}],"wp:attachment":[{"href":"https:\/\/mesangescapital.be\/index.php\/wp-json\/wp\/v2\/media?parent=444"}],"curies":[{"name":"wp","href":"https:\/\/api.w.org\/{rel}","templated":true}]}}